{"id":29,"date":"2021-05-13T17:56:06","date_gmt":"2021-05-13T15:56:06","guid":{"rendered":"http:\/\/cj-terrassement.com\/?page_id=29"},"modified":"2025-01-29T03:47:43","modified_gmt":"2025-01-29T02:47:43","slug":"home","status":"publish","type":"page","link":"https:\/\/cj-terrassement.com\/","title":{"rendered":"Home"},"content":{"rendered":"\n<figure class=\"wp-block-image alignfull size-large\"><img decoding=\"async\" src=\"http:\/\/cj-terrassement.com\/wp-content\/uploads\/2021\/05\/Entete-CJ-Terrassement-1.jpg\" alt=\"\" class=\"wp-image-92\"\/><figcaption class=\"wp-element-caption\"><\/figcaption><\/figure>\n\n\n\n<p class=\"has-text-align-center\">Du terrassement \u00e0 l&rsquo;am\u00e9nagement de votre terrain en passant par la mise en valeur de vos ext\u00e9rieurs, CJ Terrassement &amp; Am\u00e9nagement est l&rsquo;entreprise qui saura r\u00e9pondre \u00e0 vos attentes.<\/p>\n\n\n\n<div class=\"wp-block-buttons is-content-justification-center is-layout-flex wp-block-buttons-is-layout-flex\">\n<div class=\"wp-block-button is-style-primary\"><a class=\"wp-block-button__link\" href=\"http:\/\/cj-terrassement.com\/index.php\/nos-services-2\/\" target=\"_blank\" rel=\"noreferrer noopener\">Nos services<\/a><\/div>\n\n\n\n<div class=\"wp-block-button is-style-secondary\"><a class=\"wp-block-button__link\" href=\"http:\/\/cj-terrassement.com\/?pagename=contact\" target=\"_blank\" rel=\"noreferrer noopener\">Nous contacter<\/a><\/div>\n<\/div>\n\n\n\n<div style=\"height:80px\" aria-hidden=\"true\" class=\"wp-block-spacer\"><\/div>\n\n\n\n<div class=\"wp-block-columns is-layout-flex wp-container-core-columns-is-layout-1 wp-block-columns-is-layout-flex\">\n<div class=\"wp-block-column is-layout-flow wp-block-column-is-layout-flow\"><div class=\"wp-block-image icon-style is-style-default\">\n<figure class=\"aligncenter size-full is-resized\"><img loading=\"lazy\" decoding=\"async\" width=\"175\" height=\"132\" src=\"http:\/\/cj-terrassement.com\/wp-content\/uploads\/2025\/01\/Coche-CJ-terrassement-Hagen-57.png\" alt=\"\" class=\"wp-image-318\" style=\"width:48px;height:48px\"\/><\/figure><\/div>\n\n\n<h3 class=\"wp-block-heading has-text-align-center has-neve-text-color-color has-text-color\">Un travail soign\u00e9<\/h3>\n\n\n\n<p class=\"has-text-align-center\">CJ Terrassement a \u00e0 c\u0153ur de vous fournir un travail soign\u00e9 et dans les d\u00e9lais impartis.<\/p>\n\n\n\n<div style=\"height:20px\" aria-hidden=\"true\" class=\"wp-block-spacer\"><\/div>\n<\/div>\n\n\n\n<div class=\"wp-block-column is-layout-flow wp-block-column-is-layout-flow\"><div class=\"wp-block-image icon-style is-style-default\">\n<figure class=\"aligncenter size-full is-resized\"><img loading=\"lazy\" decoding=\"async\" width=\"175\" height=\"150\" src=\"http:\/\/cj-terrassement.com\/wp-content\/uploads\/2025\/01\/Diament-CJ-terrassement-Hagen-57.png\" alt=\"\" class=\"wp-image-319\" style=\"width:48px;height:48px\"\/><\/figure><\/div>\n\n\n<h3 class=\"wp-block-heading has-text-align-center has-neve-text-color-color has-text-color\">A votre \u00e9coute<\/h3>\n\n\n\n<p class=\"has-text-align-center\">Satisfaire vos envies, r\u00e9aliser vos projets, notre \u00e9quipe est l\u00e0 pour concr\u00e9tiser vos r\u00eaves.<\/p>\n\n\n\n<div style=\"height:20px\" aria-hidden=\"true\" class=\"wp-block-spacer\"><\/div>\n<\/div>\n\n\n\n<div class=\"wp-block-column is-layout-flow wp-block-column-is-layout-flow\"><div class=\"wp-block-image icon-style is-style-default\">\n<figure class=\"aligncenter size-full is-resized\"><img loading=\"lazy\" decoding=\"async\" width=\"111\" height=\"175\" src=\"http:\/\/cj-terrassement.com\/wp-content\/uploads\/2025\/01\/eclair-CJ-terrassement-Hagen-57.png\" alt=\"\" class=\"wp-image-320\" style=\"width:48px;height:48px\"\/><\/figure><\/div>\n\n\n<h3 class=\"wp-block-heading has-text-align-center has-neve-text-color-color has-text-color\">Une \u00e9quipe dynamique<\/h3>\n\n\n\n<p class=\"has-text-align-center\">Comp\u00e9tente et professionnelle, notre \u00e9quipe est r\u00e9active et dynamique. <\/p>\n\n\n\n<div style=\"height:20px\" aria-hidden=\"true\" class=\"wp-block-spacer\"><\/div>\n<\/div>\n<\/div>\n\n\n\n<div class=\"wp-block-cover alignfull has-nv-dark-bg-background-color has-background-dim\" style=\"min-height:161px;aspect-ratio:unset;\"><div class=\"wp-block-cover__inner-container is-layout-flow wp-block-cover-is-layout-flow\">\n<div class=\"wp-block-group\"><div class=\"wp-block-group__inner-container is-layout-flow wp-block-group-is-layout-flow\">\n<div style=\"height:40px\" aria-hidden=\"true\" class=\"wp-block-spacer\"><\/div>\n<\/div><\/div>\n<\/div><\/div>\n","protected":false},"excerpt":{"rendered":"<p>Du terrassement \u00e0 l&rsquo;am\u00e9nagement de votre terrain en passant par la mise en valeur de vos ext\u00e9rieurs, CJ Terrassement &amp; Am\u00e9nagement est l&rsquo;entreprise qui saura r\u00e9pondre \u00e0 vos attentes. Un travail soign\u00e9 CJ Terrassement a \u00e0 c\u0153ur de vous fournir un travail soign\u00e9 et dans les d\u00e9lais impartis. A votre \u00e9coute Satisfaire vos envies, r\u00e9aliser&hellip;&nbsp;<a href=\"https:\/\/cj-terrassement.com\/\" rel=\"bookmark\">Lire la suite &raquo;<span class=\"screen-reader-text\">Home<\/span><\/a><\/p>\n","protected":false},"author":1,"featured_media":0,"parent":0,"menu_order":0,"comment_status":"closed","ping_status":"closed","template":"","meta":{"neve_meta_sidebar":"","neve_meta_container":"","neve_meta_enable_content_width":"on","neve_meta_content_width":100,"neve_meta_title_alignment":"","neve_meta_author_avatar":"","neve_post_elements_order":"","neve_meta_disable_header":"","neve_meta_disable_footer":"","neve_meta_disable_title":"on","footnotes":""},"class_list":["post-29","page","type-page","status-publish","hentry"],"_links":{"self":[{"href":"https:\/\/cj-terrassement.com\/index.php\/wp-json\/wp\/v2\/pages\/29","targetHints":{"allow":["GET"]}}],"collection":[{"href":"https:\/\/cj-terrassement.com\/index.php\/wp-json\/wp\/v2\/pages"}],"about":[{"href":"https:\/\/cj-terrassement.com\/index.php\/wp-json\/wp\/v2\/types\/page"}],"author":[{"embeddable":true,"href":"https:\/\/cj-terrassement.com\/index.php\/wp-json\/wp\/v2\/users\/1"}],"replies":[{"embeddable":true,"href":"https:\/\/cj-terrassement.com\/index.php\/wp-json\/wp\/v2\/comments?post=29"}],"version-history":[{"count":24,"href":"https:\/\/cj-terrassement.com\/index.php\/wp-json\/wp\/v2\/pages\/29\/revisions"}],"predecessor-version":[{"id":322,"href":"https:\/\/cj-terrassement.com\/index.php\/wp-json\/wp\/v2\/pages\/29\/revisions\/322"}],"wp:attachment":[{"href":"https:\/\/cj-terrassement.com\/index.php\/wp-json\/wp\/v2\/media?parent=29"}],"curies":[{"name":"wp","href":"https:\/\/api.w.org\/{rel}","templated":true}]}}